{"id":348,"date":"2017-11-09T19:10:12","date_gmt":"2017-11-10T00:10:12","guid":{"rendered":"http:\/\/wp-master-powergo.eliappwordpress1sto.elisys-servers.ca\/?page_id=348"},"modified":"2024-05-06T17:01:56","modified_gmt":"2024-05-06T21:01:56","slug":"pieces","status":"publish","type":"page","link":"https:\/\/cmrmotoneiges.com\/fr\/pieces\/","title":{"rendered":"Pi\u00e8ces et accessoires"},"content":{"rendered":"<p>CMR Motoneiges et Sports est fier de vous proposer une gamme compl\u00e8te de <strong>pi\u00e8ces et accessoires \u00e0 Saint-Lazare<\/strong>.<\/p>\n<div class=\"textMore mobile\">\n<p>Retrouvez entre autres, de l\u2019huile \u00e0 moteur et tout autre liquide vital au bon fonctionnement de votre machine.<\/p>\n<p>Retrouvez un inventaire vari\u00e9 de marques fiables et durables comme <strong>Gamma<\/strong>, <strong>BSL<\/strong>, <strong>CVTech-AAB<\/strong>, <strong>Sinto<\/strong> et bien plus encore! <a href=\"#sidebar\"> Informez-vous aupr\u00e8s de notre \u00e9quipe<\/a>.<\/p>\n<p>Notre d\u00e9partement des pi\u00e8ces et accessoires est fier de vous offrir :<\/p>\n<ul>\n<li>Personnel courtois, rapide et efficace<\/li>\n<li>Pi\u00e8ces d\u2019origine<\/li>\n<li>Accessoires servant \u00e0 personnaliser votre v\u00e9hicule<\/li>\n<\/ul>\n<p>Pour de plus amples renseignements ou pour des conseils en lien avec nos produits, <a href=\"https:\/\/cmrmotoneiges.com\/fr\/contact\/\">contactez nos professionnels<\/a>. Ils connaissent l\u2019inventaire comme le fond de leur poche et se font une mission de trouver ce qui r\u00e9pondra le mieux \u00e0 vos besoins.<\/p>\n<\/div>\n","protected":false},"excerpt":{"rendered":"<p>CMR Motoneiges et Sports est fier de vous proposer une gamme compl\u00e8te de pi\u00e8ces et accessoires \u00e0 Saint-Lazare. Retrouvez entre autres, de l\u2019huile \u00e0 moteur et tout autre liquide vital au bon fonctionnement de votre machine. Retrouvez un inventaire vari\u00e9 de marques fiables et durables comme Gamma, BSL, CVTech-AAB, Sinto et bien plus encore! Informez-vous &hellip; <a href=\"https:\/\/cmrmotoneiges.com\/fr\/pieces\/\">Suite<\/a><\/p>\n","protected":false},"author":1,"featured_media":0,"parent":0,"menu_order":0,"comment_status":"closed","ping_status":"closed","template":"template-parts.php","meta":[],"acf":{"content_featured_type":"image","content_featured_slider":false,"content_featured_image":{"ID":29449,"id":29449,"title":"img-pieces","filename":"img-pieces.webp","filesize":58272,"url":"https:\/\/cmrmotoneiges.com\/wp-content\/uploads\/2024\/04\/img-pieces.webp","link":"https:\/\/cmrmotoneiges.com\/fr\/pieces\/img-pieces\/","alt":"","author":"1","description":"","caption":"","name":"img-pieces","status":"inherit","uploaded_to":348,"date":"2024-04-22 18:08:23","modified":"2024-04-22 18:08:23","menu_order":0,"mime_type":"image\/webp","type":"image","subtype":"webp","icon":"https:\/\/cmrmotoneiges.com\/wp-includes\/images\/media\/default.png","width":750,"height":330,"sizes":{"thumbnail":"https:\/\/cmrmotoneiges.com\/wp-content\/uploads\/2024\/04\/img-pieces-150x150.webp","thumbnail-width":150,"thumbnail-height":150,"medium":"https:\/\/cmrmotoneiges.com\/wp-content\/uploads\/2024\/04\/img-pieces-300x132.webp","medium-width":300,"medium-height":132,"medium_large":"https:\/\/cmrmotoneiges.com\/wp-content\/uploads\/2024\/04\/img-pieces.webp","medium_large-width":750,"medium_large-height":330,"large":"https:\/\/cmrmotoneiges.com\/wp-content\/uploads\/2024\/04\/img-pieces.webp","large-width":750,"large-height":330,"1536x1536":"https:\/\/cmrmotoneiges.com\/wp-content\/uploads\/2024\/04\/img-pieces.webp","1536x1536-width":750,"1536x1536-height":330,"2048x2048":"https:\/\/cmrmotoneiges.com\/wp-content\/uploads\/2024\/04\/img-pieces.webp","2048x2048-width":750,"2048x2048-height":330,"article-details":"https:\/\/cmrmotoneiges.com\/wp-content\/uploads\/2024\/04\/img-pieces-745x328.webp","article-details-width":745,"article-details-height":328,"article-listing":"https:\/\/cmrmotoneiges.com\/wp-content\/uploads\/2024\/04\/img-pieces-745x328.webp","article-listing-width":745,"article-listing-height":328,"event-details":"https:\/\/cmrmotoneiges.com\/wp-content\/uploads\/2024\/04\/img-pieces-745x328.webp","event-details-width":745,"event-details-height":328,"event-listing":"https:\/\/cmrmotoneiges.com\/wp-content\/uploads\/2024\/04\/img-pieces-745x328.webp","event-listing-width":745,"event-listing-height":328,"feat-article":"https:\/\/cmrmotoneiges.com\/wp-content\/uploads\/2024\/04\/img-pieces-720x317.webp","feat-article-width":720,"feat-article-height":317,"feat-cta":"https:\/\/cmrmotoneiges.com\/wp-content\/uploads\/2024\/04\/img-pieces-745x328.webp","feat-cta-width":745,"feat-cta-height":328,"feat-content":"https:\/\/cmrmotoneiges.com\/wp-content\/uploads\/2024\/04\/img-pieces-745x328.webp","feat-content-width":745,"feat-content-height":328,"feat-event":"https:\/\/cmrmotoneiges.com\/wp-content\/uploads\/2024\/04\/img-pieces-720x317.webp","feat-event-width":720,"feat-event-height":317,"feat-makes":"https:\/\/cmrmotoneiges.com\/wp-content\/uploads\/2024\/04\/img-pieces-182x80.webp","feat-makes-width":182,"feat-makes-height":80,"feat-related":"https:\/\/cmrmotoneiges.com\/wp-content\/uploads\/2024\/04\/img-pieces-720x317.webp","feat-related-width":720,"feat-related-height":317,"filter-category":"https:\/\/cmrmotoneiges.com\/wp-content\/uploads\/2024\/04\/img-pieces-486x330.webp","filter-category-width":486,"filter-category-height":330,"products-listing-new":"https:\/\/cmrmotoneiges.com\/wp-content\/uploads\/2024\/04\/img-pieces-460x202.webp","products-listing-new-width":460,"products-listing-new-height":202,"products-gallery":"https:\/\/cmrmotoneiges.com\/wp-content\/uploads\/2024\/04\/img-pieces-745x328.webp","products-gallery-width":745,"products-gallery-height":328,"promos-details":"https:\/\/cmrmotoneiges.com\/wp-content\/uploads\/2024\/04\/img-pieces-745x328.webp","promos-details-width":745,"promos-details-height":328,"promos-listing":"https:\/\/cmrmotoneiges.com\/wp-content\/uploads\/2024\/04\/img-pieces-745x328.webp","promos-listing-width":745,"promos-listing-height":328,"relative-product-article":"https:\/\/cmrmotoneiges.com\/wp-content\/uploads\/2024\/04\/img-pieces-745x328.webp","relative-product-article-width":745,"relative-product-article-height":328,"relative-product-event":"https:\/\/cmrmotoneiges.com\/wp-content\/uploads\/2024\/04\/img-pieces-745x328.webp","relative-product-event-width":745,"relative-product-event-height":328,"relative-product-new":"https:\/\/cmrmotoneiges.com\/wp-content\/uploads\/2024\/04\/img-pieces-690x304.webp","relative-product-new-width":690,"relative-product-new-height":304,"relative-product-promo":"https:\/\/cmrmotoneiges.com\/wp-content\/uploads\/2024\/04\/img-pieces-745x328.webp","relative-product-promo-width":745,"relative-product-promo-height":328,"slider-main":"https:\/\/cmrmotoneiges.com\/wp-content\/uploads\/2024\/04\/img-pieces.webp","slider-main-width":750,"slider-main-height":330,"slider-main-mobile":"https:\/\/cmrmotoneiges.com\/wp-content\/uploads\/2024\/04\/img-pieces.webp","slider-main-mobile-width":750,"slider-main-mobile-height":330,"slider-main-fullwidth":"https:\/\/cmrmotoneiges.com\/wp-content\/uploads\/2024\/04\/img-pieces.webp","slider-main-fullwidth-width":750,"slider-main-fullwidth-height":330,"slider-main-fullwidth-narrow":"https:\/\/cmrmotoneiges.com\/wp-content\/uploads\/2024\/04\/img-pieces.webp","slider-main-fullwidth-narrow-width":750,"slider-main-fullwidth-narrow-height":330,"map-footer":"https:\/\/cmrmotoneiges.com\/wp-content\/uploads\/2024\/04\/img-pieces.webp","map-footer-width":750,"map-footer-height":330,"map-footer-mobile":"https:\/\/cmrmotoneiges.com\/wp-content\/uploads\/2024\/04\/img-pieces.webp","map-footer-mobile-width":750,"map-footer-mobile-height":330,"map-footer-fullwidth":"https:\/\/cmrmotoneiges.com\/wp-content\/uploads\/2024\/04\/img-pieces.webp","map-footer-fullwidth-width":750,"map-footer-fullwidth-height":330,"map-footer-fullwidth-narrow":"https:\/\/cmrmotoneiges.com\/wp-content\/uploads\/2024\/04\/img-pieces.webp","map-footer-fullwidth-narrow-width":750,"map-footer-fullwidth-narrow-height":330,"team-listing":"https:\/\/cmrmotoneiges.com\/wp-content\/uploads\/2024\/04\/img-pieces-450x198.webp","team-listing-width":450,"team-listing-height":198,"team-sidebar":"https:\/\/cmrmotoneiges.com\/wp-content\/uploads\/2024\/04\/img-pieces-720x317.webp","team-sidebar-width":720,"team-sidebar-height":317,"history-timeline":"https:\/\/cmrmotoneiges.com\/wp-content\/uploads\/2024\/04\/img-pieces-380x167.webp","history-timeline-width":380,"history-timeline-height":167,"automatic-popup":"https:\/\/cmrmotoneiges.com\/wp-content\/uploads\/2024\/04\/img-pieces.webp","automatic-popup-width":750,"automatic-popup-height":330,"wc-feat-brands":"https:\/\/cmrmotoneiges.com\/wp-content\/uploads\/2024\/04\/img-pieces-170x75.webp","wc-feat-brands-width":170,"wc-feat-brands-height":75,"wc-products-details-brands":"https:\/\/cmrmotoneiges.com\/wp-content\/uploads\/2024\/04\/img-pieces-170x75.webp","wc-products-details-brands-width":170,"wc-products-details-brands-height":75}},"contact_form_custom_form_id":false,"contact_form_custom_html_id":""},"_links":{"self":[{"href":"https:\/\/cmrmotoneiges.com\/fr\/wp-json\/wp\/v2\/pages\/348"}],"collection":[{"href":"https:\/\/cmrmotoneiges.com\/fr\/wp-json\/wp\/v2\/pages"}],"about":[{"href":"https:\/\/cmrmotoneiges.com\/fr\/wp-json\/wp\/v2\/types\/page"}],"author":[{"embeddable":true,"href":"https:\/\/cmrmotoneiges.com\/fr\/wp-json\/wp\/v2\/users\/1"}],"replies":[{"embeddable":true,"href":"https:\/\/cmrmotoneiges.com\/fr\/wp-json\/wp\/v2\/comments?post=348"}],"version-history":[{"count":9,"href":"https:\/\/cmrmotoneiges.com\/fr\/wp-json\/wp\/v2\/pages\/348\/revisions"}],"predecessor-version":[{"id":29550,"href":"https:\/\/cmrmotoneiges.com\/fr\/wp-json\/wp\/v2\/pages\/348\/revisions\/29550"}],"wp:attachment":[{"href":"https:\/\/cmrmotoneiges.com\/fr\/wp-json\/wp\/v2\/media?parent=348"}],"curies":[{"name":"wp","href":"https:\/\/api.w.org\/{rel}","templated":true}]}}